{"id":44,"date":"2023-03-28T04:46:12","date_gmt":"2023-03-28T04:46:12","guid":{"rendered":"https:\/\/embajadadejamaica-rd.com\/new\/?page_id=44"},"modified":"2023-11-27T03:59:32","modified_gmt":"2023-11-27T03:59:32","slug":"contacto","status":"publish","type":"page","link":"https:\/\/embajadadejamaica-rd.com\/new\/contacto\/","title":{"rendered":"Contacto"},"content":{"rendered":"<style>\/*! elementor - v3.18.0 - 20-11-2023 *\/\n.elementor-widget-image{text-align:center}.elementor-widget-image a{display:inline-block}.elementor-widget-image a img[src$=\".svg\"]{width:48px}.elementor-widget-image img{vertical-align:middle;display:inline-block}<\/style>\t\t\t\t\t\t\t\t\t\t\t\t<img loading=\"lazy\" decoding=\"async\" width=\"1536\" height=\"568\" src=\"https:\/\/embajadadejamaica-rd.com\/new\/wp-content\/uploads\/2023\/10\/Logo-Emb-Jamaica-1536x568.png\" alt=\"\" srcset=\"https:\/\/embajadadejamaica-rd.com\/new\/wp-content\/uploads\/2023\/10\/Logo-Emb-Jamaica-1536x568.png 1536w, https:\/\/embajadadejamaica-rd.com\/new\/wp-content\/uploads\/2023\/10\/Logo-Emb-Jamaica-300x111.png 300w, https:\/\/embajadadejamaica-rd.com\/new\/wp-content\/uploads\/2023\/10\/Logo-Emb-Jamaica-1024x379.png 1024w, https:\/\/embajadadejamaica-rd.com\/new\/wp-content\/uploads\/2023\/10\/Logo-Emb-Jamaica-768x284.png 768w, https:\/\/embajadadejamaica-rd.com\/new\/wp-content\/uploads\/2023\/10\/Logo-Emb-Jamaica-2048x757.png 2048w\" sizes=\"auto, (max-width: 1536px) 100vw, 1536px\" \/>\t\t\t\t\t\t\t\t\t\t\t\t\t\t\t\n\t\t<nav class=\"is-responsive wp-block-navigation is-layout-flex wp-block-navigation-is-layout-flex\" aria-label=\"Header navigation\" \n\t\t data-wp-interactive=\"core\/navigation\" data-wp-context='{\"overlayOpenedBy\":{\"click\":false,\"hover\":false,\"focus\":false},\"type\":\"overlay\",\"roleAttribute\":\"\",\"ariaLabel\":\"Menu\"}'><button aria-haspopup=\"dialog\" aria-label=\"Open menu\" class=\"wp-block-navigation__responsive-container-open\" \n\t\t\t\tdata-wp-on--click=\"actions.openMenuOnClick\"\n\t\t\t\tdata-wp-on--keydown=\"actions.handleMenuKeydown\"\n\t\t\t><svg width=\"24\" height=\"24\" xmlns=\"http:\/\/www.w3.org\/2000\/svg\" viewBox=\"0 0 24 24\" aria-hidden=\"true\" focusable=\"false\"><path d=\"M4 7.5h16v1.5H4z\"><\/path><path d=\"M4 15h16v1.5H4z\"><\/path><\/svg><\/button>\n\t\t\t\t<div class=\"wp-block-navigation__responsive-container\"  id=\"modal-1\" \n\t\t\t\tdata-wp-class--has-modal-open=\"state.isMenuOpen\"\n\t\t\t\tdata-wp-class--is-menu-open=\"state.isMenuOpen\"\n\t\t\t\tdata-wp-watch=\"callbacks.initMenu\"\n\t\t\t\tdata-wp-on--keydown=\"actions.handleMenuKeydown\"\n\t\t\t\tdata-wp-on--focusout=\"actions.handleMenuFocusout\"\n\t\t\t\ttabindex=\"-1\"\n\t\t\t>\n\t\t\t\t\t<div class=\"wp-block-navigation__responsive-close\" tabindex=\"-1\">\n\t\t\t\t\t\t<div class=\"wp-block-navigation__responsive-dialog\" \n\t\t\t\tdata-wp-bind--aria-modal=\"state.ariaModal\"\n\t\t\t\tdata-wp-bind--aria-label=\"state.ariaLabel\"\n\t\t\t\tdata-wp-bind--role=\"state.roleAttribute\"\n\t\t\t>\n\t\t\t\t\t\t\t<button aria-label=\"Close menu\" class=\"wp-block-navigation__responsive-container-close\" \n\t\t\t\tdata-wp-on--click=\"actions.closeMenuOnClick\"\n\t\t\t><svg xmlns=\"http:\/\/www.w3.org\/2000\/svg\" viewBox=\"0 0 24 24\" width=\"24\" height=\"24\" aria-hidden=\"true\" focusable=\"false\"><path d=\"m13.06 12 6.47-6.47-1.06-1.06L12 10.94 5.53 4.47 4.47 5.53 10.94 12l-6.47 6.47 1.06 1.06L12 13.06l6.47 6.47 1.06-1.06L13.06 12Z\"><\/path><\/svg><\/button>\n\t\t\t\t\t\t\t<div class=\"wp-block-navigation__responsive-container-content\" \n\t\t\t\tdata-wp-watch=\"callbacks.focusFirstElement\"\n\t\t\t id=\"modal-1-content\">\n\t\t\t\t\t\t\t\t<ul class=\"wp-block-navigation__container is-responsive wp-block-navigation\"><li class=\" wp-block-navigation-item wp-block-navigation-link\"><a class=\"wp-block-navigation-item__content\"  href=\"https:\/\/embajadadejamaica-rd.com\/new\/contacto\/\"><span class=\"wp-block-navigation-item__label\">Contacto<\/span><\/a><\/li><\/ul>\n\t\t\t\t\t\t\t<\/div>\n\t\t\t\t\t\t<\/div>\n\t\t\t\t\t<\/div>\n\t\t\t\t<\/div><\/nav>\t\t\n\t\t\t            <button  type=\"button\" aria-label=\"hamburger-icon\">\n                            <\/button>\n            <ul id=\"menu-menu-principal\"><li id=\"menu-item-203\" data-vertical-menu=750px><a href=\"https:\/\/embajadadejamaica-rd.com\/new\/\">Inicio<\/a><\/li>\n<li id=\"menu-item-707\" data-vertical-menu=750px><a href=\"https:\/\/embajadadejamaica-rd.com\/new\/sobre-la-embajada\/\">Sobre la Embajada<\/a><\/li>\n<li id=\"menu-item-482\" data-vertical-menu=750px><a href=\"#\">Servicios Consulares<\/a>\n<ul>\n\t<li id=\"menu-item-749\" data-vertical-menu=750px><a href=\"https:\/\/embajadadejamaica-rd.com\/new\/visas\/\">Visas<\/a>\t<li id=\"menu-item-760\" data-vertical-menu=750px><a href=\"https:\/\/embajadadejamaica-rd.com\/new\/jamaican-citizens\/\">Jamaican Citizens<\/a><\/ul>\n<\/li>\n<li id=\"menu-item-875\" data-vertical-menu=750px><a href=\"https:\/\/embajadadejamaica-rd.com\/new\/requisitos-de-visa\/\">Requisitos de Visa<\/a><\/li>\n<li id=\"menu-item-483\" data-vertical-menu=750px><a href=\"#\">Formulario Visa<\/a><\/li>\n<li id=\"menu-item-655\" data-vertical-menu=750px><a href=\"https:\/\/embajadadejamaica-rd.com\/new\/contacto\/\">Contacto<\/a><\/li>\n<\/ul>\n\t\t\t\t\t<a href=\"https:\/\/embajadadejamaica-rd.com\/new\" target=\"_self\" rel=\"noopener\">\n\t\t\t\t\t\t<img decoding=\"async\" src=\"\" title=\"\" alt=\"\" \/>\n\t\t\t\t\t<\/a> \n\t\t\t\t<button type=\"button\">X<\/button>\t\t\t\n\t\t\t<a href=\"https:\/\/embajadadejamaica-rd.com\/new\/jamaican-citizens\/\">\n\t\t\t\t\t\tJamaican Citizens\n\t\t\t\t\t<\/a>\n\t\t\t<style>\/*! elementor - v3.18.0 - 20-11-2023 *\/\n.elementor-heading-title{padding:0;margin:0;line-height:1}.elementor-widget-heading .elementor-heading-title[class*=elementor-size-]>a{color:inherit;font-size:inherit;line-height:inherit}.elementor-widget-heading .elementor-heading-title.elementor-size-small{font-size:15px}.elementor-widget-heading .elementor-heading-title.elementor-size-medium{font-size:19px}.elementor-widget-heading .elementor-heading-title.elementor-size-large{font-size:29px}.elementor-widget-heading .elementor-heading-title.elementor-size-xl{font-size:39px}.elementor-widget-heading .elementor-heading-title.elementor-size-xxl{font-size:59px}<\/style><h2>Para cualquier duda o comentario<\/h2>\t\t\n\t\t\t<h3>Env\u00edanos un mensaje<\/h3>\t\t\n\t\t\t<style>\/*! elementor - v3.18.0 - 20-11-2023 *\/\n.elementor-widget-divider{--divider-border-style:none;--divider-border-width:1px;--divider-color:#0c0d0e;--divider-icon-size:20px;--divider-element-spacing:10px;--divider-pattern-height:24px;--divider-pattern-size:20px;--divider-pattern-url:none;--divider-pattern-repeat:repeat-x}.elementor-widget-divider .elementor-divider{display:flex}.elementor-widget-divider .elementor-divider__text{font-size:15px;line-height:1;max-width:95%}.elementor-widget-divider .elementor-divider__element{margin:0 var(--divider-element-spacing);flex-shrink:0}.elementor-widget-divider .elementor-icon{font-size:var(--divider-icon-size)}.elementor-widget-divider .elementor-divider-separator{display:flex;margin:0;direction:ltr}.elementor-widget-divider--view-line_icon .elementor-divider-separator,.elementor-widget-divider--view-line_text .elementor-divider-separator{align-items:center}.elementor-widget-divider--view-line_icon .elementor-divider-separator:after,.elementor-widget-divider--view-line_icon .elementor-divider-separator:before,.elementor-widget-divider--view-line_text .elementor-divider-separator:after,.elementor-widget-divider--view-line_text .elementor-divider-separator:before{display:block;content:\"\";border-bottom:0;flex-grow:1;border-top:var(--divider-border-width) var(--divider-border-style) var(--divider-color)}.elementor-widget-divider--element-align-left .elementor-divider .elementor-divider-separator>.elementor-divider__svg:first-of-type{flex-grow:0;flex-shrink:100}.elementor-widget-divider--element-align-left .elementor-divider-separator:before{content:none}.elementor-widget-divider--element-align-left .elementor-divider__element{margin-left:0}.elementor-widget-divider--element-align-right .elementor-divider .elementor-divider-separator>.elementor-divider__svg:last-of-type{flex-grow:0;flex-shrink:100}.elementor-widget-divider--element-align-right .elementor-divider-separator:after{content:none}.elementor-widget-divider--element-align-right .elementor-divider__element{margin-right:0}.elementor-widget-divider:not(.elementor-widget-divider--view-line_text):not(.elementor-widget-divider--view-line_icon) .elementor-divider-separator{border-top:var(--divider-border-width) var(--divider-border-style) var(--divider-color)}.elementor-widget-divider--separator-type-pattern{--divider-border-style:none}.elementor-widget-divider--separator-type-pattern.elementor-widget-divider--view-line .elementor-divider-separator,.elementor-widget-divider--separator-type-pattern:not(.elementor-widget-divider--view-line) .elementor-divider-separator:after,.elementor-widget-divider--separator-type-pattern:not(.elementor-widget-divider--view-line) .elementor-divider-separator:before,.elementor-widget-divider--separator-type-pattern:not([class*=elementor-widget-divider--view]) .elementor-divider-separator{width:100%;min-height:var(--divider-pattern-height);-webkit-mask-size:var(--divider-pattern-size) 100%;mask-size:var(--divider-pattern-size) 100%;-webkit-mask-repeat:var(--divider-pattern-repeat);mask-repeat:var(--divider-pattern-repeat);background-color:var(--divider-color);-webkit-mask-image:var(--divider-pattern-url);mask-image:var(--divider-pattern-url)}.elementor-widget-divider--no-spacing{--divider-pattern-size:auto}.elementor-widget-divider--bg-round{--divider-pattern-repeat:round}.rtl .elementor-widget-divider .elementor-divider__text{direction:rtl}.e-con-inner>.elementor-widget-divider,.e-con>.elementor-widget-divider{width:var(--container-widget-width,100%);--flex-grow:var(--container-widget-flex-grow)}<\/style>\t\t\n\t\t\t<link rel=\"stylesheet\" href=\"https:\/\/embajadadejamaica-rd.com\/new\/wp-content\/plugins\/elementor\/assets\/css\/widget-icon-box.min.css\">\t\t\n\t\t\t\t<h5>\n\t\t\t\t\t\tDirecci\u00f3n de nuestras oficinas \t\t\t\t\t\n\t\t\t\t<\/h5>\n\t\t\t\t\t\t\t\t\t<p>\n\t\t\t\t\t\tPlaza Kury local 304, Bella Vista, <br>Santo Domingo, Rep\u00fablica Dominicana.\n\t\t\t\t\t<\/p>\n\t\t\t\t<h5>\n\t\t\t\t\t\tCont\u00e1ctanos v\u00eda correo electr\u00f3nico\t\t\t\t\t\n\t\t\t\t<\/h5>\n\t\t\t\t\t\t\t\t\t<p>\n\t\t\t\t\t\tembjamaica@jamaica-rd.com\t\t\t\t\t<\/p>\n\t\t\t\t<a href=\"\" tabindex=\"-1\">\n\t\t\t\t\t\t\t\t<\/a>\n\t\t\t\t<h5>\n\t\t\t\t\t<a href=\"\" >\n\t\t\t\t\t\tN\u00famero telef\u00f3nico\t\t\t\t\t<\/a>\n\t\t\t\t<\/h5>\n\t\t\t\t\t\t\t\t\t<p>\n\t\t\t\t\t\t(829) 567-7770\t\t\t\t\t<\/p>\n\t\t\t\t<a href=\"https:\/\/wa.me\/18098681212\" tabindex=\"-1\">\n\t\t\t\t<svg aria-hidden=\"true\" viewBox=\"0 0 448 512\" xmlns=\"http:\/\/www.w3.org\/2000\/svg\"><path d=\"M380.9 97.1C339 55.1 283.2 32 223.9 32c-122.4 0-222 99.6-222 222 0 39.1 10.2 77.3 29.6 111L0 480l117.7-30.9c32.4 17.7 68.9 27 106.1 27h.1c122.3 0 224.1-99.6 224.1-222 0-59.3-25.2-115-67.1-157zm-157 341.6c-33.2 0-65.7-8.9-94-25.7l-6.7-4-69.8 18.3L72 359.2l-4.4-7c-18.5-29.4-28.2-63.3-28.2-98.2 0-101.7 82.8-184.5 184.6-184.5 49.3 0 95.6 19.2 130.4 54.1 34.8 34.9 56.2 81.2 56.1 130.5 0 101.8-84.9 184.6-186.6 184.6zm101.2-138.2c-5.5-2.8-32.8-16.2-37.9-18-5.1-1.9-8.8-2.8-12.5 2.8-3.7 5.6-14.3 18-17.6 21.8-3.2 3.7-6.5 4.2-12 1.4-32.6-16.3-54-29.1-75.5-66-5.7-9.8 5.7-9.1 16.3-30.3 1.8-3.7.9-6.9-.5-9.7-1.4-2.8-12.5-30.1-17.1-41.2-4.5-10.8-9.1-9.3-12.5-9.5-3.2-.2-6.9-.2-10.6-.2-3.7 0-9.7 1.4-14.8 6.9-5.1 5.6-19.4 19-19.4 46.3 0 27.3 19.9 53.7 22.6 57.4 2.8 3.7 39.1 59.7 94.8 83.8 35.2 15.2 49 16.5 66.6 13.9 10.7-1.6 32.8-13.4 37.4-26.4 4.6-13 4.6-24.1 3.2-26.4-1.3-2.5-5-3.9-10.5-6.6z\"><\/path><\/svg>\t\t\t\t<\/a>\n\t\t\t\t<h5>\n\t\t\t\t\t<a href=\"https:\/\/wa.me\/18098681212\" >\n\t\t\t\t\t\tEscr\u00edbenos por Whatsapp\t\t\t\t\t<\/a>\n\t\t\t\t<\/h5>\n\t\t\t\t\t\t\t\t\t<p>\n\t\t\t\t\t\t+1(849)4773998 <br style=\"text-align: center;\"><b><i>(solo mensajes no llamadas)<\/i><\/b>\t\t\t\t\t<\/p>\n\t\t\t<h4>Escribe aqu\u00ed tu mensaje<\/h4>\t\t\n\t\t<!----------------------------- \n\t\t\t* controls_data : find the the props passed indie of data attribute\n\t\t\t* props.SubmitResponseMarkup : contains the markup of error or success message\n\t\t\t* https:\/\/developer.mozilla.org\/en-US\/docs\/Web\/JavaScript\/Reference\/Template_literals\n\t\t--------------------------- -->\n\t\t<iframe src=\"https:\/\/www.google.com\/maps\/embed?pb=!1m18!1m12!1m3!1d3784.61561413091!2d-69.9411730243436!3d18.455753782625333!2m3!1f0!2f0!3f0!3m2!1i1024!2i768!4f13.1!3m3!1m2!1s0x8ea5620e8aa5275f%3A0xf1582840d756205!2sEmbajada%20de%20Jamaica!5e0!3m2!1sen!2sdo!4v1693936327349!5m2!1sen!2sdo\" width=\"600\" height=\"450\" style=\"border:0;\" allowfullscreen=\"\" loading=\"lazy\" referrerpolicy=\"no-referrer-when-downgrade\"><\/iframe>\t\t\n\t\t\t\t<h4>\n\t\t\t\t\t\tLinks de inter\u00e9s\t\t\t\t\t\n\t\t\t\t<\/h4>\n\t\t\t<link rel=\"stylesheet\" href=\"https:\/\/embajadadejamaica-rd.com\/new\/wp-content\/plugins\/elementor\/assets\/css\/widget-icon-list.min.css\">\t\t<ul>\n\t\t\t\t\t\t\t<li>\n\t\t\t\t\t\t\t<svg aria-hidden=\"true\" viewBox=\"0 0 192 512\" xmlns=\"http:\/\/www.w3.org\/2000\/svg\"><path d=\"M0 384.662V127.338c0-17.818 21.543-26.741 34.142-14.142l128.662 128.662c7.81 7.81 7.81 20.474 0 28.284L34.142 398.804C21.543 411.404 0 402.48 0 384.662z\"><\/path><\/svg>\t\t\t\t\t\t\n\t\t\t\t\t\t\t\t\t\tLibrer\u00eda de Documentos\n\t\t\t\t\t\t\t\t\t<\/li>\n\t\t\t\t\t\t\t\t<li>\n\t\t\t\t\t\t\t\t\t\t\t<a href=\"https:\/\/embajadadejamaica-rd.com\/new\/requisitos-de-visa\/\" target=\"_blank\" rel=\"noopener\">\n\t\t\t\t\t\t\t<svg aria-hidden=\"true\" viewBox=\"0 0 192 512\" xmlns=\"http:\/\/www.w3.org\/2000\/svg\"><path d=\"M0 384.662V127.338c0-17.818 21.543-26.741 34.142-14.142l128.662 128.662c7.81 7.81 7.81 20.474 0 28.284L34.142 398.804C21.543 411.404 0 402.48 0 384.662z\"><\/path><\/svg>\t\t\t\t\t\t\n\t\t\t\t\t\t\t\t\t\tRequisitos\n\t\t\t\t\t\t\t\t\t\t\t<\/a>\n\t\t\t\t\t\t\t\t\t<\/li>\n\t\t\t\t\t\t\t\t<li>\n\t\t\t\t\t\t\t\t\t\t\t<a href=\"https:\/\/goo.gl\/maps\/umq3MAYc1z8AajZ29\" target=\"_blank\" rel=\"noopener\">\n\t\t\t\t\t\t\t<svg aria-hidden=\"true\" viewBox=\"0 0 192 512\" xmlns=\"http:\/\/www.w3.org\/2000\/svg\"><path d=\"M0 384.662V127.338c0-17.818 21.543-26.741 34.142-14.142l128.662 128.662c7.81 7.81 7.81 20.474 0 28.284L34.142 398.804C21.543 411.404 0 402.48 0 384.662z\"><\/path><\/svg>\t\t\t\t\t\t\n\t\t\t\t\t\t\t\t\t\tUbicaci\u00f3n de la Embajada\n\t\t\t\t\t\t\t\t\t\t\t<\/a>\n\t\t\t\t\t\t\t\t\t<\/li>\n\t\t\t\t\t\t<\/ul>\n\t\t\t\t<a href=\"https:\/\/wa.me\/18494773998\" tabindex=\"-1\">\n\t\t\t\t\t\t\t\t<\/a>\n\t\t\t\t<h4>\n\t\t\t\t\t<a href=\"https:\/\/wa.me\/18494773998\" >\n\t\t\t\t\t\tWhatsapp\t\t\t\t\t<\/a>\n\t\t\t\t<\/h4>\n\t\t\t\t\t\t\t\t\t<p>\n\t\t\t\t\t\tEscr\u00edbenos por whatsapp <\/br> \n+1(849)4773998  <p style=\"color:#FF0000\";>Solo Mensajes NO llamadas<\/p><\/br>\n\t\t\t\t\t<\/p>\n\t\t\t\t<h4>\n\t\t\t\t\t\tContacto\t\t\t\t\t\n\t\t\t\t<\/h4>\n\t\t\t\t\t\t\t\t\t<p>\n\t\t\t\t\t\tPlaza Kury local 304, Bella Vista,\n<\/br>Santo Domingo, Rep\u00fablica Dominicana.\n<\/br>Tel\u00e9fono: (829) 567-7770 \n<\/br>Email: embjamaica@jamaica-rd.com\t\t\t\t\t<\/p>\n\t\t\tEmbajada de Jamaica de la Rep\u00fablica Dominicana &#8211; 2023","protected":false},"excerpt":{"rendered":"<p>Inicio Sobre la Embajada Servicios Consulares Visas Jamaican Citizens Requisitos de Visa Formulario Visa Contacto X Jamaican Citizens Para cualquier duda o comentario Env\u00edanos un mensaje Direcci\u00f3n de nuestras oficinas&hellip;<\/p>\n","protected":false},"author":1,"featured_media":0,"parent":0,"menu_order":0,"comment_status":"closed","ping_status":"closed","template":"elementor_canvas","meta":{"footnotes":""},"class_list":["post-44","page","type-page","status-publish","hentry"],"_links":{"self":[{"href":"https:\/\/embajadadejamaica-rd.com\/new\/wp-json\/wp\/v2\/pages\/44","targetHints":{"allow":["GET"]}}],"collection":[{"href":"https:\/\/embajadadejamaica-rd.com\/new\/wp-json\/wp\/v2\/pages"}],"about":[{"href":"https:\/\/embajadadejamaica-rd.com\/new\/wp-json\/wp\/v2\/types\/page"}],"author":[{"embeddable":true,"href":"https:\/\/embajadadejamaica-rd.com\/new\/wp-json\/wp\/v2\/users\/1"}],"replies":[{"embeddable":true,"href":"https:\/\/embajadadejamaica-rd.com\/new\/wp-json\/wp\/v2\/comments?post=44"}],"version-history":[{"count":20,"href":"https:\/\/embajadadejamaica-rd.com\/new\/wp-json\/wp\/v2\/pages\/44\/revisions"}],"predecessor-version":[{"id":1021,"href":"https:\/\/embajadadejamaica-rd.com\/new\/wp-json\/wp\/v2\/pages\/44\/revisions\/1021"}],"wp:attachment":[{"href":"https:\/\/embajadadejamaica-rd.com\/new\/wp-json\/wp\/v2\/media?parent=44"}],"curies":[{"name":"wp","href":"https:\/\/api.w.org\/{rel}","templated":true}]}}