{"id":584,"date":"2023-05-29T23:25:09","date_gmt":"2023-05-29T23:25:09","guid":{"rendered":"https:\/\/embajadadejamaica-rd.com\/new\/?page_id=584"},"modified":"2023-11-27T03:59:46","modified_gmt":"2023-11-27T03:59:46","slug":"sobre-la-embajada","status":"publish","type":"page","link":"https:\/\/embajadadejamaica-rd.com\/new\/sobre-la-embajada\/","title":{"rendered":"Sobre la Embajada"},"content":{"rendered":"<style>\/*! elementor - v3.18.0 - 20-11-2023 *\/\n.elementor-widget-image{text-align:center}.elementor-widget-image a{display:inline-block}.elementor-widget-image a img[src$=\".svg\"]{width:48px}.elementor-widget-image img{vertical-align:middle;display:inline-block}<\/style>\n<p>\t\t\t\t\t\t\t\t\t\t\t\t<img loading=\"lazy\" decoding=\"async\" width=\"1112\" height=\"372\" src=\"https:\/\/embajadadejamaica-rd.com\/new\/wp-content\/uploads\/2023\/05\/Logo-Embajada-Jamaica.png\" alt=\"\" srcset=\"https:\/\/embajadadejamaica-rd.com\/new\/wp-content\/uploads\/2023\/05\/Logo-Embajada-Jamaica.png 1112w, https:\/\/embajadadejamaica-rd.com\/new\/wp-content\/uploads\/2023\/05\/Logo-Embajada-Jamaica-300x100.png 300w, https:\/\/embajadadejamaica-rd.com\/new\/wp-content\/uploads\/2023\/05\/Logo-Embajada-Jamaica-1024x343.png 1024w, https:\/\/embajadadejamaica-rd.com\/new\/wp-content\/uploads\/2023\/05\/Logo-Embajada-Jamaica-768x257.png 768w\" sizes=\"auto, (max-width: 1112px) 100vw, 1112px\" \/><br \/>\n\t\t\t            <button  type=\"button\" aria-label=\"hamburger-icon\"><br \/>\n                            <\/button><\/p>\n<ul id=\"menu-menu-principal\">\n<li id=\"menu-item-203\" data-vertical-menu=750px><a href=\"https:\/\/embajadadejamaica-rd.com\/new\/\">Inicio<\/a><\/li>\n<li id=\"menu-item-707\" data-vertical-menu=750px><a href=\"https:\/\/embajadadejamaica-rd.com\/new\/sobre-la-embajada\/\">Sobre la Embajada<\/a><\/li>\n<li id=\"menu-item-482\" data-vertical-menu=750px><a href=\"#\">Servicios Consulares<\/a>\n<ul>\n<li id=\"menu-item-749\" data-vertical-menu=750px><a href=\"https:\/\/embajadadejamaica-rd.com\/new\/visas\/\">Visas<\/a>\n<li id=\"menu-item-760\" data-vertical-menu=750px><a href=\"https:\/\/embajadadejamaica-rd.com\/new\/jamaican-citizens\/\">Jamaican Citizens<\/a><\/ul>\n<\/li>\n<li id=\"menu-item-875\" data-vertical-menu=750px><a href=\"https:\/\/embajadadejamaica-rd.com\/new\/requisitos-de-visa\/\">Requisitos de Visa<\/a><\/li>\n<li id=\"menu-item-483\" data-vertical-menu=750px><a href=\"#\">Formulario Visa<\/a><\/li>\n<li id=\"menu-item-655\" data-vertical-menu=750px><a href=\"https:\/\/embajadadejamaica-rd.com\/new\/contacto\/\">Contacto<\/a><\/li>\n<\/ul>\n<p>\t\t\t\t\t<a href=\"https:\/\/embajadadejamaica-rd.com\/new\" target=\"_self\" rel=\"noopener\"><br \/>\n\t\t\t\t\t\t<img decoding=\"async\" src=\"\" title=\"\" alt=\"\" \/><br \/>\n\t\t\t\t\t<\/a><br \/>\n\t\t\t\t<button type=\"button\">X<\/button><br \/>\n\t\t\t<a href=\"https:\/\/embajadadejamaica-rd.com\/new\/jamaican-citizens\/\"><br \/>\n\t\t\t\t\t\tJamaican Citizens<br \/>\n\t\t\t\t\t<\/a><\/p>\n<style>\/*! elementor - v3.18.0 - 20-11-2023 *\/\n.elementor-column .elementor-spacer-inner{height:var(--spacer-size)}.e-con{--container-widget-width:100%}.e-con-inner>.elementor-widget-spacer,.e-con>.elementor-widget-spacer{width:var(--container-widget-width,var(--spacer-size));--align-self:var(--container-widget-align-self,initial);--flex-shrink:0}.e-con-inner>.elementor-widget-spacer>.elementor-widget-container,.e-con>.elementor-widget-spacer>.elementor-widget-container{height:100%;width:100%}.e-con-inner>.elementor-widget-spacer>.elementor-widget-container>.elementor-spacer,.e-con>.elementor-widget-spacer>.elementor-widget-container>.elementor-spacer{height:100%}.e-con-inner>.elementor-widget-spacer>.elementor-widget-container>.elementor-spacer>.elementor-spacer-inner,.e-con>.elementor-widget-spacer>.elementor-widget-container>.elementor-spacer>.elementor-spacer-inner{height:var(--container-widget-height,var(--spacer-size))}.e-con-inner>.elementor-widget-spacer.elementor-widget-empty,.e-con>.elementor-widget-spacer.elementor-widget-empty{position:relative;min-height:22px;min-width:22px}.e-con-inner>.elementor-widget-spacer.elementor-widget-empty .elementor-widget-empty-icon,.e-con>.elementor-widget-spacer.elementor-widget-empty .elementor-widget-empty-icon{position:absolute;top:0;bottom:0;left:0;right:0;margin:auto;padding:0;width:22px;height:22px}<\/style>\n<style>\/*! elementor - v3.18.0 - 20-11-2023 *\/\n.elementor-heading-title{padding:0;margin:0;line-height:1}.elementor-widget-heading .elementor-heading-title[class*=elementor-size-]>a{color:inherit;font-size:inherit;line-height:inherit}.elementor-widget-heading .elementor-heading-title.elementor-size-small{font-size:15px}.elementor-widget-heading .elementor-heading-title.elementor-size-medium{font-size:19px}.elementor-widget-heading .elementor-heading-title.elementor-size-large{font-size:29px}.elementor-widget-heading .elementor-heading-title.elementor-size-xl{font-size:39px}.elementor-widget-heading .elementor-heading-title.elementor-size-xxl{font-size:59px}<\/style>\n<h2>Sobre la embajada<\/h2>\n<h3>Embajada de Jamaica en la Rep\u00fablica Dominicana<\/h3>\n<style>\/*! elementor - v3.18.0 - 20-11-2023 *\/\n.elementor-widget-divider{--divider-border-style:none;--divider-border-width:1px;--divider-color:#0c0d0e;--divider-icon-size:20px;--divider-element-spacing:10px;--divider-pattern-height:24px;--divider-pattern-size:20px;--divider-pattern-url:none;--divider-pattern-repeat:repeat-x}.elementor-widget-divider .elementor-divider{display:flex}.elementor-widget-divider .elementor-divider__text{font-size:15px;line-height:1;max-width:95%}.elementor-widget-divider .elementor-divider__element{margin:0 var(--divider-element-spacing);flex-shrink:0}.elementor-widget-divider .elementor-icon{font-size:var(--divider-icon-size)}.elementor-widget-divider .elementor-divider-separator{display:flex;margin:0;direction:ltr}.elementor-widget-divider--view-line_icon .elementor-divider-separator,.elementor-widget-divider--view-line_text .elementor-divider-separator{align-items:center}.elementor-widget-divider--view-line_icon .elementor-divider-separator:after,.elementor-widget-divider--view-line_icon .elementor-divider-separator:before,.elementor-widget-divider--view-line_text .elementor-divider-separator:after,.elementor-widget-divider--view-line_text .elementor-divider-separator:before{display:block;content:\"\";border-bottom:0;flex-grow:1;border-top:var(--divider-border-width) var(--divider-border-style) var(--divider-color)}.elementor-widget-divider--element-align-left .elementor-divider .elementor-divider-separator>.elementor-divider__svg:first-of-type{flex-grow:0;flex-shrink:100}.elementor-widget-divider--element-align-left .elementor-divider-separator:before{content:none}.elementor-widget-divider--element-align-left .elementor-divider__element{margin-left:0}.elementor-widget-divider--element-align-right .elementor-divider .elementor-divider-separator>.elementor-divider__svg:last-of-type{flex-grow:0;flex-shrink:100}.elementor-widget-divider--element-align-right .elementor-divider-separator:after{content:none}.elementor-widget-divider--element-align-right .elementor-divider__element{margin-right:0}.elementor-widget-divider:not(.elementor-widget-divider--view-line_text):not(.elementor-widget-divider--view-line_icon) .elementor-divider-separator{border-top:var(--divider-border-width) var(--divider-border-style) var(--divider-color)}.elementor-widget-divider--separator-type-pattern{--divider-border-style:none}.elementor-widget-divider--separator-type-pattern.elementor-widget-divider--view-line .elementor-divider-separator,.elementor-widget-divider--separator-type-pattern:not(.elementor-widget-divider--view-line) .elementor-divider-separator:after,.elementor-widget-divider--separator-type-pattern:not(.elementor-widget-divider--view-line) .elementor-divider-separator:before,.elementor-widget-divider--separator-type-pattern:not([class*=elementor-widget-divider--view]) .elementor-divider-separator{width:100%;min-height:var(--divider-pattern-height);-webkit-mask-size:var(--divider-pattern-size) 100%;mask-size:var(--divider-pattern-size) 100%;-webkit-mask-repeat:var(--divider-pattern-repeat);mask-repeat:var(--divider-pattern-repeat);background-color:var(--divider-color);-webkit-mask-image:var(--divider-pattern-url);mask-image:var(--divider-pattern-url)}.elementor-widget-divider--no-spacing{--divider-pattern-size:auto}.elementor-widget-divider--bg-round{--divider-pattern-repeat:round}.rtl .elementor-widget-divider .elementor-divider__text{direction:rtl}.e-con-inner>.elementor-widget-divider,.e-con>.elementor-widget-divider{width:var(--container-widget-width,100%);--flex-grow:var(--container-widget-flex-grow)}<\/style>\n<h5 align=\"justify\">El objetivo de nuestra p\u00e1gina es crear un contacto m\u00e1s r\u00e1pido y transparente entre nosotros y los usuarios, a la misma vez facilitar la intensificaci\u00f3n entre nuestros dos pa\u00edses y ofrecer a los Jamaiquinos el f\u00e1cil acceso a las informaciones y noticias de su Isla natal.\u00a0<\/h5>\n<h5 align=\"justify\">De igual forma,\u00a0para fortalecer, promover, favorecer y desarrollar interconexiones, relaciones pol\u00edticas, econ\u00f3micas, culturales y cient\u00edficas de las relaciones existentes entre Jamaica y la Rep\u00fablica Dominicana.<\/h5>\n<h2>gobierno de jamaica<\/h2>\n<h3>Gabinete de Jamaica<\/h3>\n<p>\t\t\t\t\t\t\t\t\t\t\t\t\t\t\t<img decoding=\"async\" src=\"https:\/\/embajadadejamaica-rd.com\/new\/wp-content\/uploads\/elementor\/thumbs\/GG-Sir-Patrick-Allen-New-819x1024-1-qf10regw1ocop3vh4t95uh6w0udwtcp1a71iv122x8.jpg\" title=\"GG-Sir-Patrick-Allen-New-819&#215;1024\" alt=\"GG-Sir-Patrick-Allen-New-819x1024\" loading=\"lazy\" \/><br \/>\n\t\t\t        <!-- link opening --><br \/>\n                <!-- end link opening --><\/p>\n<h3>\n                    Sir Patrick Allen                <\/h3>\n<p>Governor General<\/p>\n<p>                                                            <a href=\"https:\/\/jis.gov.jm\/goj-leadership\/patrick-allen\/\" target=\"_self\" rel=\"noopener\"><br \/>\n                                                                                Biograf\u00edas y m\u00e1s info                                    <\/a><br \/>\n\t\t\t\t\t\t\t\t\t\t\t\t\t\t\t<img decoding=\"async\" src=\"https:\/\/embajadadejamaica-rd.com\/new\/wp-content\/uploads\/elementor\/thumbs\/PM-Holness-qf1127m2n35e7o680hgpiqzpyd3vc1lwrp4jjl13d8.jpg\" title=\"PM-Holness\" alt=\"PM-Holness\" loading=\"lazy\" \/><br \/>\n\t\t\t        <!-- link opening --><br \/>\n                <!-- end link opening --><\/p>\n<h3>\n                    Andrew Michael Holness                <\/h3>\n<p>Prime Minister of Jamaica<\/p>\n<p>                                                            <a href=\"https:\/\/jis.gov.jm\/goj-leadership\/andrew-michael-holness\/\" target=\"_self\" rel=\"noopener\"><br \/>\n                                                                                Biograf\u00edas y m\u00e1s info                                    <\/a><br \/>\n\t\t\t\t\t\t\t\t\t\t\t\t\t\t\t<img decoding=\"async\" src=\"https:\/\/embajadadejamaica-rd.com\/new\/wp-content\/uploads\/elementor\/thumbs\/Mark-Golding-Official-Web-qf10rdj1uubedhwuaauj9zfffgijlnlay2e1dr3h3g.jpg\" title=\"Mark-Golding-Official-Web\" alt=\"Mark-Golding-Official-Web\" loading=\"lazy\" \/><br \/>\n\t\t\t        <!-- link opening --><br \/>\n                <!-- end link opening --><\/p>\n<h3>\n                    Mr. Mark Golding                <\/h3>\n<p>Opposition Leader<\/p>\n<p>                                                            <a href=\"https:\/\/jis.gov.jm\/goj-leadership\/mark-golding\/\" target=\"_self\" rel=\"noopener\"><br \/>\n                                                                                Biograf\u00edas y m\u00e1s info                                    <\/a><\/p>\n<h2>socios comerciales de casi 60 a\u00f1os<\/h2>\n<h4>Negocios entre Jamaica y R.D.<\/h4>\n<link rel=\"stylesheet\" href=\"https:\/\/embajadadejamaica-rd.com\/new\/wp-content\/plugins\/elementor\/assets\/css\/widget-icon-list.min.css\">\n<ul>\n<li>\n\t\t\t\t\t\t\t\t\t\tExportaciones Activas entre ambas naciones\n\t\t\t\t\t\t\t\t\t<\/li>\n<li>\n\t\t\t\t\t\t\t\t\t\tRelaciones S\u00f3lidas entre ambas Islas\n\t\t\t\t\t\t\t\t\t<\/li>\n<li>\n\t\t\t\t\t\t\t\t\t\tInversiones Millonarias\n\t\t\t\t\t\t\t\t\t<\/li>\n<li>\n\t\t\t\t\t\t\t\t\t\tIntercambio de Talentos y Capital Humano\n\t\t\t\t\t\t\t\t\t<\/li>\n<\/ul>\n<style>\/*! elementor - v3.18.0 - 20-11-2023 *\/\n.elementor-counter .elementor-counter-number-wrapper{display:flex;font-size:69px;font-weight:600;line-height:1}.elementor-counter .elementor-counter-number-prefix,.elementor-counter .elementor-counter-number-suffix{flex-grow:1;white-space:pre-wrap}.elementor-counter .elementor-counter-number-prefix{text-align:right}.elementor-counter .elementor-counter-number-suffix{text-align:left}.elementor-counter .elementor-counter-title{text-align:center;font-size:19px;font-weight:400;line-height:2.5}<\/style>\n<p>\t\t\t\t0<\/p>\n<h5>a\u00f1os<\/h5>\n<h6>De relaci\u00f3n comercial<\/h6>\n<p>\t\tJAMAICA ES EL SEGUNDO SOCIO COMERCIAL DE LA REP. DOM. EN LA REGI\u00d3N\n\t\t\t<link rel=\"stylesheet\" href=\"https:\/\/embajadadejamaica-rd.com\/new\/wp-content\/plugins\/elementor\/assets\/css\/widget-icon-box.min.css\">\n<h4>\n\t\t\t\t\t\tLinks de inter\u00e9s<br \/>\n\t\t\t\t<\/h4>\n<ul>\n<li>\n\t\t\t\t\t\t\t<svg aria-hidden=\"true\" viewBox=\"0 0 192 512\" xmlns=\"http:\/\/www.w3.org\/2000\/svg\"><path d=\"M0 384.662V127.338c0-17.818 21.543-26.741 34.142-14.142l128.662 128.662c7.81 7.81 7.81 20.474 0 28.284L34.142 398.804C21.543 411.404 0 402.48 0 384.662z\"><\/path><\/svg><br \/>\n\t\t\t\t\t\t\t\t\t\tLibrer\u00eda de Documentos\n\t\t\t\t\t\t\t\t\t<\/li>\n<li>\n\t\t\t\t\t\t\t\t\t\t\t<a href=\"https:\/\/embajadadejamaica-rd.com\/new\/requisitos-de-visa\/\" target=\"_blank\" rel=\"noopener\"><br \/>\n\t\t\t\t\t\t\t<svg aria-hidden=\"true\" viewBox=\"0 0 192 512\" xmlns=\"http:\/\/www.w3.org\/2000\/svg\"><path d=\"M0 384.662V127.338c0-17.818 21.543-26.741 34.142-14.142l128.662 128.662c7.81 7.81 7.81 20.474 0 28.284L34.142 398.804C21.543 411.404 0 402.48 0 384.662z\"><\/path><\/svg><br \/>\n\t\t\t\t\t\t\t\t\t\tRequisitos<br \/>\n\t\t\t\t\t\t\t\t\t\t\t<\/a>\n\t\t\t\t\t\t\t\t\t<\/li>\n<li>\n\t\t\t\t\t\t\t\t\t\t\t<a href=\"https:\/\/goo.gl\/maps\/umq3MAYc1z8AajZ29\" target=\"_blank\" rel=\"noopener\"><br \/>\n\t\t\t\t\t\t\t<svg aria-hidden=\"true\" viewBox=\"0 0 192 512\" xmlns=\"http:\/\/www.w3.org\/2000\/svg\"><path d=\"M0 384.662V127.338c0-17.818 21.543-26.741 34.142-14.142l128.662 128.662c7.81 7.81 7.81 20.474 0 28.284L34.142 398.804C21.543 411.404 0 402.48 0 384.662z\"><\/path><\/svg><br \/>\n\t\t\t\t\t\t\t\t\t\tUbicaci\u00f3n de la Embajada<br \/>\n\t\t\t\t\t\t\t\t\t\t\t<\/a>\n\t\t\t\t\t\t\t\t\t<\/li>\n<\/ul>\n<p>\t\t\t\t<a href=\"https:\/\/wa.me\/18494773998\" tabindex=\"-1\"><br \/>\n\t\t\t\t\t\t\t\t<\/a><\/p>\n<h4>\n\t\t\t\t\t<a href=\"https:\/\/wa.me\/18494773998\" ><br \/>\n\t\t\t\t\t\tWhatsapp\t\t\t\t\t<\/a><br \/>\n\t\t\t\t<\/h4>\n<p>\n\t\t\t\t\t\tEscr\u00edbenos por whatsapp <br \/> <br \/>\n+1(849)4773998 <\/p>\n<p style=\"color:#FF0000\";>Solo mensajes NO llamadas<\/p>\n<p><\/br>\n\t\t\t\t\t<\/p>\n<h4>\n\t\t\t\t\t\tContacto<br \/>\n\t\t\t\t<\/h4>\n<p>\n\t\t\t\t\t\tPlaza Kury local 304, Bella Vista,<br \/>\n<\/br>Santo Domingo, Rep\u00fablica Dominicana.<br \/>\n<\/br>Tel\u00e9fono: (829) 567-7770<br \/>\n<\/br>Email: embjamaica@jamaica-rd.com\t\t\t\t\t<\/p>\n","protected":false},"excerpt":{"rendered":"<p>Inicio Sobre la Embajada Servicios Consulares Visas Jamaican Citizens Requisitos de Visa Formulario Visa Contacto X Jamaican Citizens Sobre la embajada Embajada de Jamaica en la Rep\u00fablica Dominicana El objetivo&hellip;<\/p>\n","protected":false},"author":1,"featured_media":0,"parent":0,"menu_order":0,"comment_status":"closed","ping_status":"closed","template":"elementor_canvas","meta":{"footnotes":""},"class_list":["post-584","page","type-page","status-publish","hentry"],"_links":{"self":[{"href":"https:\/\/embajadadejamaica-rd.com\/new\/wp-json\/wp\/v2\/pages\/584","targetHints":{"allow":["GET"]}}],"collection":[{"href":"https:\/\/embajadadejamaica-rd.com\/new\/wp-json\/wp\/v2\/pages"}],"about":[{"href":"https:\/\/embajadadejamaica-rd.com\/new\/wp-json\/wp\/v2\/types\/page"}],"author":[{"embeddable":true,"href":"https:\/\/embajadadejamaica-rd.com\/new\/wp-json\/wp\/v2\/users\/1"}],"replies":[{"embeddable":true,"href":"https:\/\/embajadadejamaica-rd.com\/new\/wp-json\/wp\/v2\/comments?post=584"}],"version-history":[{"count":20,"href":"https:\/\/embajadadejamaica-rd.com\/new\/wp-json\/wp\/v2\/pages\/584\/revisions"}],"predecessor-version":[{"id":1024,"href":"https:\/\/embajadadejamaica-rd.com\/new\/wp-json\/wp\/v2\/pages\/584\/revisions\/1024"}],"wp:attachment":[{"href":"https:\/\/embajadadejamaica-rd.com\/new\/wp-json\/wp\/v2\/media?parent=584"}],"curies":[{"name":"wp","href":"https:\/\/api.w.org\/{rel}","templated":true}]}}